{"id":3804,"date":"2026-04-10T22:01:56","date_gmt":"2026-04-10T22:01:56","guid":{"rendered":"https:\/\/dzaircapz.com\/?post_type=product&#038;p=3804"},"modified":"2026-04-10T22:03:39","modified_gmt":"2026-04-10T22:03:39","slug":"casquette-texas-rangers-new-era-9fifty-blanc-bleu-2","status":"publish","type":"product","link":"https:\/\/dzaircapz.com\/arabe\/product\/casquette-texas-rangers-new-era-9fifty-blanc-bleu-2\/","title":{"rendered":"Casquette Texas Rangers New Era 9FIFTY (Blanc \/ Bleu)"},"content":{"rendered":"<p data-path-to-node=\"5\">\u0646\u0648\u0639 \u0627\u0644\u0642\u0628\u0639\u0629 9FIFTY (Snapback)\u060c \u0645\u0632\u0648\u062f\u0629 \u0628\u0641\u062a\u062d\u0629 \u062e\u0644\u0641\u064a\u0629 \u0642\u0627\u0628\u0644\u0629 \u0644\u0644\u062a\u0639\u062f\u064a\u0644 \u0644\u062a\u0646\u0627\u0633\u0628 \u062c\u0645\u064a\u0639 \u0627\u0644\u0645\u0642\u0627\u0633\u0627\u062a. \u062a\u062a\u0645\u064a\u0632 \u0628\u062a\u0635\u0645\u064a\u0645 \u0643\u0644\u0627\u0633\u064a\u0643\u064a \u064a\u062c\u0645\u0639 \u0628\u064a\u0646 \u0627\u0644\u0644\u0648\u0646\u064a\u0646 \u0627\u0644\u0623\u0628\u064a\u0636 \u0648\u0627\u0644\u0623\u0632\u0631\u0642 \u0645\u0639 \u0634\u0639\u0627\u0631 \"Rangers\" \u0645\u0637\u0631\u0632 \u0628\u0644\u0645\u0633\u0629 \u062d\u0645\u0631\u0627\u0621 \u062c\u0630\u0627\u0628\u0629\u060c \u0628\u0627\u0644\u0625\u0636\u0627\u0641\u0629 \u0625\u0644\u0649 \u0631\u0642\u0639\u0629 \u062c\u0627\u0646\u0628\u064a\u0629 \u062a\u0636\u0641\u064a \u0645\u0638\u0647\u0631\u0627\u064b \u0631\u064a\u0627\u0636\u064a\u0627\u064b \u0623\u0635\u064a\u0644\u0627\u064b.<\/p>\n<p style=\"font-size: 17px; font-weight: bold; color: #0b3d91; border: 2px solid #0B3D91; padding: 1px 6px; display: inline-block; border-radius: 4px;\">One Size 55cm &#8211; 60cm<\/p>","protected":false},"excerpt":{"rendered":"<p>Type 9FIFTY (Snapback), ajustable \u00e0 l&rsquo;arri\u00e8re pour un maintien personnalis\u00e9. Elle pr\u00e9sente un design bicolore blanc et bleu avec le logo \u00ab\u00a0Rangers\u00a0\u00bb brod\u00e9, compl\u00e9t\u00e9 par un patch lat\u00e9ral pour un look baseball authentique et styl\u00e9. One Size 55cm &#8211; 60cm<\/p>","protected":false},"featured_media":3805,"comment_status":"open","ping_status":"closed","template":"","meta":[],"product_brand":[],"product_cat":[16,28,18],"product_tag":[],"class_list":{"0":"post-3804","1":"product","2":"type-product","3":"status-publish","4":"has-post-thumbnail","6":"product_cat-uncategorized","7":"product_cat-nouvelle","8":"product_cat-casquettes-snapback","10":"first","11":"instock","12":"sale","13":"shipping-taxable","14":"purchasable","15":"product-type-simple"},"_links":{"self":[{"href":"https:\/\/dzaircapz.com\/arabe\/wp-json\/wp\/v2\/product\/3804","targetHints":{"allow":["GET"]}}],"collection":[{"href":"https:\/\/dzaircapz.com\/arabe\/wp-json\/wp\/v2\/product"}],"about":[{"href":"https:\/\/dzaircapz.com\/arabe\/wp-json\/wp\/v2\/types\/product"}],"replies":[{"embeddable":true,"href":"https:\/\/dzaircapz.com\/arabe\/wp-json\/wp\/v2\/comments?post=3804"}],"wp:featuredmedia":[{"embeddable":true,"href":"https:\/\/dzaircapz.com\/arabe\/wp-json\/wp\/v2\/media\/3805"}],"wp:attachment":[{"href":"https:\/\/dzaircapz.com\/arabe\/wp-json\/wp\/v2\/media?parent=3804"}],"wp:term":[{"taxonomy":"product_brand","embeddable":true,"href":"https:\/\/dzaircapz.com\/arabe\/wp-json\/wp\/v2\/product_brand?post=3804"},{"taxonomy":"product_cat","embeddable":true,"href":"https:\/\/dzaircapz.com\/arabe\/wp-json\/wp\/v2\/product_cat?post=3804"},{"taxonomy":"product_tag","embeddable":true,"href":"https:\/\/dzaircapz.com\/arabe\/wp-json\/wp\/v2\/product_tag?post=3804"}],"curies":[{"name":"wp","href":"https:\/\/api.w.org\/{rel}","templated":true}]}}