{"id":3499,"date":"2026-04-05T22:01:29","date_gmt":"2026-04-05T22:01:29","guid":{"rendered":"https:\/\/dzaircapz.com\/?post_type=product&#038;p=3499"},"modified":"2026-04-05T22:34:24","modified_gmt":"2026-04-05T22:34:24","slug":"casquette-polemik-adventure-bleu-gris-noir-trucker-filet-2","status":"publish","type":"product","link":"https:\/\/dzaircapz.com\/arabe\/product\/casquette-polemik-adventure-bleu-gris-noir-trucker-filet-2\/","title":{"rendered":"Casquette Polemik Adventure BleuClair, Gris &#038; Noir Trucker Filet"},"content":{"rendered":"<p data-path-to-node=\"6,1,0\">Une casquette Trucker moderne au style \u00ab\u00a0outdoor\u00a0\u00bb combinant des tons bleus et gris. Dot\u00e9e d&rsquo;un \u00e9cusson brod\u00e9 paysage de montagne et d&rsquo;un filet respirant, elle offre un look dynamique et d\u00e9contract\u00e9. Con\u00e7ue pour allier confort et robuste lors de vos sorties.<\/p>\n<p style=\"font-size: 17px; font-weight: bold; color: #0b3d91; border: 2px solid #0B3D91; padding: 1px 6px; display: inline-block; border-radius: 4px;\">One Size 55cm &#8211; 60cm<\/p>","protected":false},"excerpt":{"rendered":"<p>Une casquette Trucker moderne au style \u00ab\u00a0outdoor\u00a0\u00bb combinant des tons bleus et gris. Dot\u00e9e d&rsquo;un \u00e9cusson brod\u00e9 paysage de montagne et d&rsquo;un filet respirant, elle offre un look dynamique et d\u00e9contract\u00e9. Con\u00e7ue pour allier confort et robuste lors de vos sorties. One Size 55cm &#8211; 60cm<\/p>","protected":false},"featured_media":3521,"comment_status":"open","ping_status":"closed","template":"","meta":[],"product_brand":[],"product_cat":[28,31,32],"product_tag":[],"class_list":{"0":"post-3499","1":"product","2":"type-product","3":"status-publish","4":"has-post-thumbnail","6":"product_cat-nouvelle","7":"product_cat-strapback","8":"product_cat-casquettes-de-trucker","10":"first","11":"instock","12":"sale","13":"shipping-taxable","14":"purchasable","15":"product-type-simple"},"_links":{"self":[{"href":"https:\/\/dzaircapz.com\/arabe\/wp-json\/wp\/v2\/product\/3499","targetHints":{"allow":["GET"]}}],"collection":[{"href":"https:\/\/dzaircapz.com\/arabe\/wp-json\/wp\/v2\/product"}],"about":[{"href":"https:\/\/dzaircapz.com\/arabe\/wp-json\/wp\/v2\/types\/product"}],"replies":[{"embeddable":true,"href":"https:\/\/dzaircapz.com\/arabe\/wp-json\/wp\/v2\/comments?post=3499"}],"wp:featuredmedia":[{"embeddable":true,"href":"https:\/\/dzaircapz.com\/arabe\/wp-json\/wp\/v2\/media\/3521"}],"wp:attachment":[{"href":"https:\/\/dzaircapz.com\/arabe\/wp-json\/wp\/v2\/media?parent=3499"}],"wp:term":[{"taxonomy":"product_brand","embeddable":true,"href":"https:\/\/dzaircapz.com\/arabe\/wp-json\/wp\/v2\/product_brand?post=3499"},{"taxonomy":"product_cat","embeddable":true,"href":"https:\/\/dzaircapz.com\/arabe\/wp-json\/wp\/v2\/product_cat?post=3499"},{"taxonomy":"product_tag","embeddable":true,"href":"https:\/\/dzaircapz.com\/arabe\/wp-json\/wp\/v2\/product_tag?post=3499"}],"curies":[{"name":"wp","href":"https:\/\/api.w.org\/{rel}","templated":true}]}}