{"id":3496,"date":"2026-04-05T22:01:07","date_gmt":"2026-04-05T22:01:07","guid":{"rendered":"https:\/\/dzaircapz.com\/?post_type=product&#038;p=3496"},"modified":"2026-04-05T22:30:20","modified_gmt":"2026-04-05T22:30:20","slug":"casquette-polemik-adventure-full-black-trucker-filet","status":"publish","type":"product","link":"https:\/\/dzaircapz.com\/arabe\/product\/casquette-polemik-adventure-full-black-trucker-filet\/","title":{"rendered":"Casquette Polemik Adventure Full Black Trucker Filet"},"content":{"rendered":"<p data-path-to-node=\"6,1,0\">Une casquette Trucker \u00e9l\u00e9gante en total look noir, mettant en relief l&rsquo;\u00e9cusson brod\u00e9 repr\u00e9sentant un paysage de montagne sauvage. Un design classique alliant robustesse et confort avec son filet arri\u00e8re. Un accessoire polyvalent, id\u00e9al pour un style urbain ou outdoor.<\/p>\n<p style=\"font-size: 17px; font-weight: bold; color: #0b3d91; border: 2px solid #0B3D91; padding: 1px 6px; display: inline-block; border-radius: 4px;\">One Size 55cm &#8211; 60cm<\/p>","protected":false},"excerpt":{"rendered":"<p>Une casquette Trucker \u00e9l\u00e9gante en total look noir, mettant en relief l&rsquo;\u00e9cusson brod\u00e9 repr\u00e9sentant un paysage de montagne sauvage. Un design classique alliant robustesse et confort avec son filet arri\u00e8re. Un accessoire polyvalent, id\u00e9al pour un style urbain ou outdoor. One Size 55cm &#8211; 60cm<\/p>","protected":false},"featured_media":3506,"comment_status":"open","ping_status":"closed","template":"","meta":[],"product_brand":[],"product_cat":[28,31,32],"product_tag":[],"class_list":{"0":"post-3496","1":"product","2":"type-product","3":"status-publish","4":"has-post-thumbnail","6":"product_cat-nouvelle","7":"product_cat-strapback","8":"product_cat-casquettes-de-trucker","10":"first","11":"instock","12":"sale","13":"shipping-taxable","14":"purchasable","15":"product-type-simple"},"_links":{"self":[{"href":"https:\/\/dzaircapz.com\/arabe\/wp-json\/wp\/v2\/product\/3496","targetHints":{"allow":["GET"]}}],"collection":[{"href":"https:\/\/dzaircapz.com\/arabe\/wp-json\/wp\/v2\/product"}],"about":[{"href":"https:\/\/dzaircapz.com\/arabe\/wp-json\/wp\/v2\/types\/product"}],"replies":[{"embeddable":true,"href":"https:\/\/dzaircapz.com\/arabe\/wp-json\/wp\/v2\/comments?post=3496"}],"wp:featuredmedia":[{"embeddable":true,"href":"https:\/\/dzaircapz.com\/arabe\/wp-json\/wp\/v2\/media\/3506"}],"wp:attachment":[{"href":"https:\/\/dzaircapz.com\/arabe\/wp-json\/wp\/v2\/media?parent=3496"}],"wp:term":[{"taxonomy":"product_brand","embeddable":true,"href":"https:\/\/dzaircapz.com\/arabe\/wp-json\/wp\/v2\/product_brand?post=3496"},{"taxonomy":"product_cat","embeddable":true,"href":"https:\/\/dzaircapz.com\/arabe\/wp-json\/wp\/v2\/product_cat?post=3496"},{"taxonomy":"product_tag","embeddable":true,"href":"https:\/\/dzaircapz.com\/arabe\/wp-json\/wp\/v2\/product_tag?post=3496"}],"curies":[{"name":"wp","href":"https:\/\/api.w.org\/{rel}","templated":true}]}}