{"id":3483,"date":"2026-04-05T21:45:36","date_gmt":"2026-04-05T21:45:36","guid":{"rendered":"https:\/\/dzaircapz.com\/?post_type=product&#038;p=3483"},"modified":"2026-04-05T21:46:16","modified_gmt":"2026-04-05T21:46:16","slug":"casquette-polemik-beach-bleu-sky-gris-noir-trucker-filet","status":"publish","type":"product","link":"https:\/\/dzaircapz.com\/arabe\/product\/casquette-polemik-beach-bleu-sky-gris-noir-trucker-filet\/","title":{"rendered":"Casquette Polemik Beach Bleu Sky, Gris &#038; Noir Trucker Filet"},"content":{"rendered":"<p data-path-to-node=\"6,1,0\">Une casquette Trucker rafra\u00eechissante inspir\u00e9e par l&rsquo;azur de la mer. Dot\u00e9e d&rsquo;une face bleue et d&rsquo;un filet gris clair pour une ventilation maximale, avec l&rsquo;\u00e9cusson brod\u00e9 \u00ab\u00a0Beach Life\u00a0\u00bb et une visi\u00e8re noire pour un style moderne et \u00e9pur\u00e9.<\/p>\n<p style=\"font-size: 17px; font-weight: bold; color: #0b3d91; border: 2px solid #0B3D91; padding: 1px 6px; display: inline-block; border-radius: 4px;\">One Size 55cm &#8211; 60cm<\/p>","protected":false},"excerpt":{"rendered":"<p>Une casquette Trucker rafra\u00eechissante inspir\u00e9e par l&rsquo;azur de la mer. Dot\u00e9e d&rsquo;une face bleue et d&rsquo;un filet gris clair pour une ventilation maximale, avec l&rsquo;\u00e9cusson brod\u00e9 \u00ab\u00a0Beach Life\u00a0\u00bb et une visi\u00e8re noire pour un style moderne et \u00e9pur\u00e9. One Size 55cm &#8211; 60cm<\/p>","protected":false},"featured_media":3484,"comment_status":"open","ping_status":"closed","template":"","meta":[],"product_brand":[],"product_cat":[28,31,32],"product_tag":[],"class_list":{"0":"post-3483","1":"product","2":"type-product","3":"status-publish","4":"has-post-thumbnail","6":"product_cat-nouvelle","7":"product_cat-strapback","8":"product_cat-casquettes-de-trucker","10":"first","11":"instock","12":"sale","13":"shipping-taxable","14":"purchasable","15":"product-type-simple"},"_links":{"self":[{"href":"https:\/\/dzaircapz.com\/arabe\/wp-json\/wp\/v2\/product\/3483","targetHints":{"allow":["GET"]}}],"collection":[{"href":"https:\/\/dzaircapz.com\/arabe\/wp-json\/wp\/v2\/product"}],"about":[{"href":"https:\/\/dzaircapz.com\/arabe\/wp-json\/wp\/v2\/types\/product"}],"replies":[{"embeddable":true,"href":"https:\/\/dzaircapz.com\/arabe\/wp-json\/wp\/v2\/comments?post=3483"}],"wp:featuredmedia":[{"embeddable":true,"href":"https:\/\/dzaircapz.com\/arabe\/wp-json\/wp\/v2\/media\/3484"}],"wp:attachment":[{"href":"https:\/\/dzaircapz.com\/arabe\/wp-json\/wp\/v2\/media?parent=3483"}],"wp:term":[{"taxonomy":"product_brand","embeddable":true,"href":"https:\/\/dzaircapz.com\/arabe\/wp-json\/wp\/v2\/product_brand?post=3483"},{"taxonomy":"product_cat","embeddable":true,"href":"https:\/\/dzaircapz.com\/arabe\/wp-json\/wp\/v2\/product_cat?post=3483"},{"taxonomy":"product_tag","embeddable":true,"href":"https:\/\/dzaircapz.com\/arabe\/wp-json\/wp\/v2\/product_tag?post=3483"}],"curies":[{"name":"wp","href":"https:\/\/api.w.org\/{rel}","templated":true}]}}