{"id":3477,"date":"2026-04-05T21:43:47","date_gmt":"2026-04-05T21:43:47","guid":{"rendered":"https:\/\/dzaircapz.com\/?post_type=product&#038;p=3477"},"modified":"2026-04-05T21:45:15","modified_gmt":"2026-04-05T21:45:15","slug":"francais-casquette-polemik-beach-full-black-trucker-filet","status":"publish","type":"product","link":"https:\/\/dzaircapz.com\/arabe\/product\/francais-casquette-polemik-beach-full-black-trucker-filet\/","title":{"rendered":"Fran\u00e7ais: Casquette Polemik Beach Full Black Trucker Filet"},"content":{"rendered":"<p data-path-to-node=\"6,1,0\">Une casquette Trucker \u00e9l\u00e9gante en total look noir, mettant en valeur l&rsquo;\u00e9clat de l&rsquo;\u00e9cusson brod\u00e9 \u00ab\u00a0Beach Life\u00a0\u00bb. Un design classique alliant robustesse et confort gr\u00e2ce \u00e0 son filet arri\u00e8re. Un accessoire polyvalent et tendance pour un style urbain ou estival.<\/p>\n<p style=\"font-size: 17px; font-weight: bold; color: #0b3d91; border: 2px solid #0B3D91; padding: 1px 6px; display: inline-block; border-radius: 4px;\">One Size 55cm &#8211; 60cm<\/p>","protected":false},"excerpt":{"rendered":"<p>Une casquette Trucker \u00e9l\u00e9gante en total look noir, mettant en valeur l&rsquo;\u00e9clat de l&rsquo;\u00e9cusson brod\u00e9 \u00ab\u00a0Beach Life\u00a0\u00bb. Un design classique alliant robustesse et confort gr\u00e2ce \u00e0 son filet arri\u00e8re. Un accessoire polyvalent et tendance pour un style urbain ou estival. One Size 55cm &#8211; 60cm<\/p>","protected":false},"featured_media":3478,"comment_status":"open","ping_status":"closed","template":"","meta":[],"product_brand":[],"product_cat":[28,31,32],"product_tag":[],"class_list":{"0":"post-3477","1":"product","2":"type-product","3":"status-publish","4":"has-post-thumbnail","6":"product_cat-nouvelle","7":"product_cat-strapback","8":"product_cat-casquettes-de-trucker","10":"first","11":"instock","12":"sale","13":"shipping-taxable","14":"purchasable","15":"product-type-simple"},"_links":{"self":[{"href":"https:\/\/dzaircapz.com\/arabe\/wp-json\/wp\/v2\/product\/3477","targetHints":{"allow":["GET"]}}],"collection":[{"href":"https:\/\/dzaircapz.com\/arabe\/wp-json\/wp\/v2\/product"}],"about":[{"href":"https:\/\/dzaircapz.com\/arabe\/wp-json\/wp\/v2\/types\/product"}],"replies":[{"embeddable":true,"href":"https:\/\/dzaircapz.com\/arabe\/wp-json\/wp\/v2\/comments?post=3477"}],"wp:featuredmedia":[{"embeddable":true,"href":"https:\/\/dzaircapz.com\/arabe\/wp-json\/wp\/v2\/media\/3478"}],"wp:attachment":[{"href":"https:\/\/dzaircapz.com\/arabe\/wp-json\/wp\/v2\/media?parent=3477"}],"wp:term":[{"taxonomy":"product_brand","embeddable":true,"href":"https:\/\/dzaircapz.com\/arabe\/wp-json\/wp\/v2\/product_brand?post=3477"},{"taxonomy":"product_cat","embeddable":true,"href":"https:\/\/dzaircapz.com\/arabe\/wp-json\/wp\/v2\/product_cat?post=3477"},{"taxonomy":"product_tag","embeddable":true,"href":"https:\/\/dzaircapz.com\/arabe\/wp-json\/wp\/v2\/product_tag?post=3477"}],"curies":[{"name":"wp","href":"https:\/\/api.w.org\/{rel}","templated":true}]}}