{"id":3465,"date":"2026-04-05T17:34:02","date_gmt":"2026-04-05T17:34:02","guid":{"rendered":"https:\/\/dzaircapz.com\/?post_type=product&#038;p=3465"},"modified":"2026-04-05T21:42:46","modified_gmt":"2026-04-05T21:42:46","slug":"casquette-polemik-beach-bleu-marine-gris-trucker-filet","status":"publish","type":"product","link":"https:\/\/dzaircapz.com\/arabe\/product\/casquette-polemik-beach-bleu-marine-gris-trucker-filet\/","title":{"rendered":"Casquette Polemik Beach Bleu Marine &#038; Gris Trucker (Filet)"},"content":{"rendered":"<p data-path-to-node=\"6,1,0\">Une casquette Trucker inspir\u00e9e de l&rsquo;esprit \u00ab\u00a0Beach Life\u00a0\u00bb. Design \u00e9pur\u00e9 avec un \u00e9cusson brod\u00e9 paysage, associant le gris et le bleu marine. Dot\u00e9e d&rsquo;un filet respirant, elle est l&rsquo;accessoire id\u00e9al pour vos sorties estivales et un look d\u00e9contract\u00e9.<\/p>\n<p style=\"font-size: 17px; font-weight: bold; color: #0b3d91; border: 2px solid #0B3D91; padding: 1px 6px; display: inline-block; border-radius: 4px;\">One Size 55cm &#8211; 60cm<\/p>","protected":false},"excerpt":{"rendered":"<p>Une casquette Trucker inspir\u00e9e de l&rsquo;esprit \u00ab\u00a0Beach Life\u00a0\u00bb. Design \u00e9pur\u00e9 avec un \u00e9cusson brod\u00e9 paysage, associant le gris et le bleu marine. Dot\u00e9e d&rsquo;un filet respirant, elle est l&rsquo;accessoire id\u00e9al pour vos sorties estivales et un look d\u00e9contract\u00e9. One Size 55cm &#8211; 60cm<\/p>","protected":false},"featured_media":3466,"comment_status":"open","ping_status":"closed","template":"","meta":[],"product_brand":[],"product_cat":[28,31,32],"product_tag":[],"class_list":{"0":"post-3465","1":"product","2":"type-product","3":"status-publish","4":"has-post-thumbnail","6":"product_cat-nouvelle","7":"product_cat-strapback","8":"product_cat-casquettes-de-trucker","10":"first","11":"instock","12":"sale","13":"shipping-taxable","14":"purchasable","15":"product-type-simple"},"_links":{"self":[{"href":"https:\/\/dzaircapz.com\/arabe\/wp-json\/wp\/v2\/product\/3465","targetHints":{"allow":["GET"]}}],"collection":[{"href":"https:\/\/dzaircapz.com\/arabe\/wp-json\/wp\/v2\/product"}],"about":[{"href":"https:\/\/dzaircapz.com\/arabe\/wp-json\/wp\/v2\/types\/product"}],"replies":[{"embeddable":true,"href":"https:\/\/dzaircapz.com\/arabe\/wp-json\/wp\/v2\/comments?post=3465"}],"wp:featuredmedia":[{"embeddable":true,"href":"https:\/\/dzaircapz.com\/arabe\/wp-json\/wp\/v2\/media\/3466"}],"wp:attachment":[{"href":"https:\/\/dzaircapz.com\/arabe\/wp-json\/wp\/v2\/media?parent=3465"}],"wp:term":[{"taxonomy":"product_brand","embeddable":true,"href":"https:\/\/dzaircapz.com\/arabe\/wp-json\/wp\/v2\/product_brand?post=3465"},{"taxonomy":"product_cat","embeddable":true,"href":"https:\/\/dzaircapz.com\/arabe\/wp-json\/wp\/v2\/product_cat?post=3465"},{"taxonomy":"product_tag","embeddable":true,"href":"https:\/\/dzaircapz.com\/arabe\/wp-json\/wp\/v2\/product_tag?post=3465"}],"curies":[{"name":"wp","href":"https:\/\/api.w.org\/{rel}","templated":true}]}}