{"id":3459,"date":"2026-04-05T17:29:05","date_gmt":"2026-04-05T17:29:05","guid":{"rendered":"https:\/\/dzaircapz.com\/?post_type=product&#038;p=3459"},"modified":"2026-04-05T17:31:24","modified_gmt":"2026-04-05T17:31:24","slug":"casquette-station-bleuorange-et-jaune-filet-trucker","status":"publish","type":"product","link":"https:\/\/dzaircapz.com\/arabe\/product\/casquette-station-bleuorange-et-jaune-filet-trucker\/","title":{"rendered":"Casquette Station Bleu,Orange et Jaune Filet (Trucker)"},"content":{"rendered":"<p data-path-to-node=\"6,1,0\">Casquette style Trucker aux couleurs vives et estivales, dot\u00e9e d&rsquo;un panneau avant bleu avec le logo \u00ab\u00a0STATION\u00a0\u00bb brod\u00e9 en jaune et les inscriptions \u00ab\u00a0Rocking Your World\u00a0\u00bb et \u00ab\u00a0Great Heritage\u00a0\u00bb. Elle dispose d&rsquo;une visi\u00e8re orange et d&rsquo;un filet arri\u00e8re jaune pour une a\u00e9ration optimale, avec une fermeture r\u00e9glable pour un look dynamique et original.<\/p>\n<p style=\"font-size: 17px; font-weight: bold; color: #0b3d91; border: 2px solid #0B3D91; padding: 1px 6px; display: inline-block; border-radius: 4px;\">One Size 55cm &#8211; 60cm<\/p>","protected":false},"excerpt":{"rendered":"<p>Casquette style Trucker aux couleurs vives et estivales, dot\u00e9e d&rsquo;un panneau avant bleu avec le logo \u00ab\u00a0STATION\u00a0\u00bb brod\u00e9 en jaune et les inscriptions \u00ab\u00a0Rocking Your World\u00a0\u00bb et \u00ab\u00a0Great Heritage\u00a0\u00bb. Elle dispose d&rsquo;une visi\u00e8re orange et d&rsquo;un filet arri\u00e8re jaune pour une a\u00e9ration optimale, avec une fermeture r\u00e9glable pour un look dynamique et original. One Size&#8230;<\/p>","protected":false},"featured_media":3460,"comment_status":"open","ping_status":"closed","template":"","meta":[],"product_brand":[],"product_cat":[28,31,32],"product_tag":[],"class_list":{"0":"post-3459","1":"product","2":"type-product","3":"status-publish","4":"has-post-thumbnail","6":"product_cat-nouvelle","7":"product_cat-strapback","8":"product_cat-casquettes-de-trucker","10":"first","11":"instock","12":"sale","13":"shipping-taxable","14":"purchasable","15":"product-type-simple"},"_links":{"self":[{"href":"https:\/\/dzaircapz.com\/arabe\/wp-json\/wp\/v2\/product\/3459","targetHints":{"allow":["GET"]}}],"collection":[{"href":"https:\/\/dzaircapz.com\/arabe\/wp-json\/wp\/v2\/product"}],"about":[{"href":"https:\/\/dzaircapz.com\/arabe\/wp-json\/wp\/v2\/types\/product"}],"replies":[{"embeddable":true,"href":"https:\/\/dzaircapz.com\/arabe\/wp-json\/wp\/v2\/comments?post=3459"}],"wp:featuredmedia":[{"embeddable":true,"href":"https:\/\/dzaircapz.com\/arabe\/wp-json\/wp\/v2\/media\/3460"}],"wp:attachment":[{"href":"https:\/\/dzaircapz.com\/arabe\/wp-json\/wp\/v2\/media?parent=3459"}],"wp:term":[{"taxonomy":"product_brand","embeddable":true,"href":"https:\/\/dzaircapz.com\/arabe\/wp-json\/wp\/v2\/product_brand?post=3459"},{"taxonomy":"product_cat","embeddable":true,"href":"https:\/\/dzaircapz.com\/arabe\/wp-json\/wp\/v2\/product_cat?post=3459"},{"taxonomy":"product_tag","embeddable":true,"href":"https:\/\/dzaircapz.com\/arabe\/wp-json\/wp\/v2\/product_tag?post=3459"}],"curies":[{"name":"wp","href":"https:\/\/api.w.org\/{rel}","templated":true}]}}